{"id":428,"date":"2017-05-29T10:44:45","date_gmt":"2017-05-29T10:44:45","guid":{"rendered":"http:\/\/fotografie.lintenbrink.nl\/?page_id=428"},"modified":"2017-05-30T16:23:41","modified_gmt":"2017-05-30T16:23:41","slug":"over-ons","status":"publish","type":"page","link":"http:\/\/fotografie.lintenbrink.nl\/?page_id=428","title":{"rendered":"Over ons &#8230;"},"content":{"rendered":"<div id=\"attachment_432\" style=\"width: 351px\" class=\"wp-caption alignright\"><img loading=\"lazy\" decoding=\"async\" aria-describedby=\"caption-attachment-432\" class=\"wp-image-432\" src=\"http:\/\/fotografie.lintenbrink.nl\/wp-content\/uploads\/2017\/05\/noorwegen1984-300x123.jpg\" alt=\"\" width=\"341\" height=\"140\" srcset=\"http:\/\/fotografie.lintenbrink.nl\/wp-content\/uploads\/2017\/05\/noorwegen1984-300x123.jpg 300w, http:\/\/fotografie.lintenbrink.nl\/wp-content\/uploads\/2017\/05\/noorwegen1984-768x316.jpg 768w, http:\/\/fotografie.lintenbrink.nl\/wp-content\/uploads\/2017\/05\/noorwegen1984-980x403.jpg 980w, http:\/\/fotografie.lintenbrink.nl\/wp-content\/uploads\/2017\/05\/noorwegen1984-234x96.jpg 234w, http:\/\/fotografie.lintenbrink.nl\/wp-content\/uploads\/2017\/05\/noorwegen1984.jpg 1280w\" sizes=\"auto, (max-width: 341px) 100vw, 341px\" \/><p id=\"caption-attachment-432\" class=\"wp-caption-text\">Bezig met de beklimming van L\u00f6v\u00e5sen richting Flo\u00e5sen in de buurt van Gr\u00f6velsj\u00f6n Zweden net over de Zweeds Noorse grens.<\/p><\/div>\n<p>In de loop der jaren hebben wij mooie reizen gemaakt naar alle Scandinavische landen, maar ook dichterbij waren er prachtige tochten. Schiermonnikoog bijvoorbeeld, daar komen we nog steeds met regelmaat en krijg je ons ook niet meer weg. Even onthaasten &#8230; op naar Schiermonnikoog.<\/p>\n<p>Van al die reizen hebben wij foto&#8217;s gemaakt en een deel daarvan willen we via dit Kiekjesblog met u delen.<br \/>\nVan de recentste reizen is er meestal wel een compleet album met een verslag, meer naar het verleden zijn het een paar mooie foto&#8217;s en hebben we het verslag ingekort.<\/p>\n<p>Veel kijkplezier &#8230;<br \/>\nFamilie Lintenbrink<\/p>\n<div data-test='contact-form'\n\t\t\tid='contact-form-428'\n\t\t\tclass='jetpack-contact-form-container '\n\t\t\tdata-wp-interactive='jetpack\/form' data-wp-context='{\"formId\":\"428\",\"formHash\":\"6e11b035fcae6823506ca5c50a481a28f48e98e1\",\"showErrors\":false,\"errors\":[],\"fields\":[],\"isMultiStep\":false,\"useAjax\":true,\"submissionData\":null,\"formattedSubmissionData\":[],\"submissionSuccess\":false,\"submissionError\":null,\"elementId\":\"jp-form-6e11b035fcae6823506ca5c50a481a28f48e98e1\",\"isSingleInputForm\":false,\"isForcedHorizontal\":false}'\n\t\t\tdata-wp-watch--scroll-to-wrapper=\"callbacks.scrollToWrapper\"\n\t\t>\n<div class=\"contact-form-submission contact-form-ajax-submission\" data-wp-bind--aria-hidden=\"state.isSuccessMessageAriaHidden\" data-wp-class--submission-success=\"context.submissionSuccess\" id=\"contact-form-success-6e11b035fcae6823506ca5c50a481a28f48e98e1\" tabindex=\"-1\" aria-labelledby=\"contact-form-success-header-6e11b035fcae6823506ca5c50a481a28f48e98e1\"><p class=\"go-back-message\"><a class=\"link\" role=\"button\" tabindex=\"0\" data-wp-on--click=\"actions.goBack\" href=\"\/index.php?rest_route=%2Fwp%2Fv2%2Fpages%2F428\">\u2190 Terug<\/a><\/p><h4 data-wp-bind--aria-hidden=\"state.isSuccessMessageAriaHidden\" id=\"contact-form-success-header-6e11b035fcae6823506ca5c50a481a28f48e98e1\">Bedankt voor je reactie. \u2728<\/h4>\n\n<template data-wp-each--submission=\"context.formattedSubmissionData\">\n\t\t\t\t\t<div class=\"jetpack_forms_contact-form-success-summary\">\n\t\t\t\t\t\t<div class=\"field-name-wrapper\">\n\t\t\t\t\t\t\t<div class=\"field-type-icon\" data-wp-watch=\"callbacks.watchFieldTypeIcon\"><\/div>\n\t\t\t\t\t\t\t<div class=\"field-name\" data-wp-text=\"context.submission.label\" data-wp-bind--hidden=\"!context.submission.label\"><\/div>\n\t\t\t\t\t\t<\/div>\n\t\t\t\t\t\t<div class=\"field-value\" data-wp-text=\"context.submission.value\" data-wp-bind--hidden=\"!context.submission.showPlainValue\"><\/div>\n\t\t\t\t\t\t<a class=\"field-url\" data-wp-bind--href=\"context.submission.url\" data-wp-text=\"context.submission.value\" data-wp-bind--hidden=\"!context.submission.url\" target=\"_blank\" rel=\"noopener noreferrer\"><\/a>\n\t\t\t\t\t\t<div class=\"field-rating\" data-wp-bind--hidden=\"!context.submission.rating\" data-wp-watch=\"callbacks.watchRatingIcons\"><\/div>\n\t\t\t\t\t\t<div class=\"field-images\" data-wp-bind--hidden=\"!context.submission.images\">\n\t\t\t\t\t\t\t<template data-wp-each--image=\"context.submission.images\">\n\t\t\t\t\t\t\t\t<div class=\"field-image-option\" data-wp-class--is-empty=\"!context.image.src\">\n\t\t\t\t\t\t\t\t\t<figure class=\"field-image-option__image\" data-wp-class--is-empty=\"!context.image.src\">\n\t\t\t\t\t\t\t\t\t\t<img data-wp-bind--src=\"context.image.src\" data-wp-bind--hidden=\"!context.image.src\" \/>\n\t\t\t\t\t\t\t\t\t\t<img decoding=\"async\" src=\"data:image\/gif;base64,R0lGODlhAQABAAD\/ACwAAAAAAQABAAACADs=\" data-wp-bind--hidden=\"context.image.src\" \/>\n\t\t\t\t\t\t\t\t\t<\/figure>\n\t\t\t\t\t\t\t\t\t<div class=\"field-image-option__label-wrapper\">\n\t\t\t\t\t\t\t\t\t\t<span class=\"field-image-option__label-code\" data-wp-text=\"context.image.letterCode\"><\/span>\n\t\t\t\t\t\t\t\t\t\t<span class=\"field-image-option__label\" data-wp-text=\"context.image.label\" data-wp-bind--hidden=\"!context.image.label\"><\/span>\n\t\t\t\t\t\t\t\t\t<\/div>\n\t\t\t\t\t\t\t\t<\/div>\n\t\t\t\t\t\t\t<\/template>\n\t\t\t\t\t\t<\/div>\n\t\t\t\t\t\t<div class=\"field-files\" data-wp-bind--hidden=\"!context.submission.files\">\n\t\t\t\t\t\t\t<template data-wp-each--file=\"context.submission.files\">\n\t\t\t\t\t\t\t\t<div class=\"field-file\">\n\t\t\t\t\t\t\t\t\t<div class=\"field-file__thumbnail\" data-wp-style--background-image=\"context.file.previewUrl\" data-wp-style--mask-image=\"context.file.iconUrl\" data-wp-bind--hidden=\"!context.file.hasPreview\"><\/div>\n\t\t\t\t\t\t\t\t\t<svg class=\"field-file__icon\" data-wp-bind--hidden=\"context.file.hasPreview\" width=\"20\" height=\"20\" viewBox=\"0 0 24 24\" fill=\"none\" xmlns=\"http:\/\/www.w3.org\/2000\/svg\" aria-hidden=\"true\">\n\t\t\t\t\t\t\t\t\t\t<path d=\"M14 2H6C4.9 2 4 2.9 4 4V20C4 21.1 4.89 22 5.99 22H18C19.1 22 20 21.1 20 20V8L14 2ZM18 20H6V4H13V9H18V20Z\" fill=\"currentColor\"\/>\n\t\t\t\t\t\t\t\t\t<\/svg>\n\t\t\t\t\t\t\t\t\t<span class=\"field-file__name\" data-wp-text=\"context.file.name\"><\/span>\n\t\t\t\t\t\t\t\t\t<span class=\"field-file__size\" data-wp-text=\"context.file.size\"><\/span>\n\t\t\t\t\t\t\t\t<\/div>\n\t\t\t\t\t\t\t<\/template>\n\t\t\t\t\t\t<\/div>\n\t\t\t\t\t<\/div>\n\t\t\t\t<\/template><\/div><form action='http:\/\/fotografie.lintenbrink.nl\/?page_id=428'\n\t\t\t\tid='jp-form-6e11b035fcae6823506ca5c50a481a28f48e98e1'\n\t\t\t\tmethod='post'\n\t\t\t\tclass='contact-form commentsblock jetpack-contact-form__form has-no-jetpack-form-layout' aria-label=\"Over ons ...\"\n\t\t\t\tdata-wp-on--submit=\"actions.onFormSubmit\"\n\t\t\t\tdata-wp-on--reset=\"actions.onFormReset\"\n\t\t\t\tdata-wp-class--submission-success=\"context.submissionSuccess\"\n\t\t\t\tdata-wp-class--is-first-step=\"state.isFirstStep\"\n\t\t\t\tdata-wp-class--is-last-step=\"state.isLastStep\"\n\t\t\t\tdata-wp-class--is-ajax-form=\"context.useAjax\"\n\t\t\t\tnovalidate >\n<input type='hidden' name='jetpack_contact_form_jwt' value='eyJ0eXAiOiJKV1QiLCJhbGciOiJIUzI1NiJ9.eyJlbmNyeXB0ZWRfYXR0cmlidXRlcyI6InlOZ252eS81ZENWMTVHNnliSGVOaHJMVXJZV2xhNGFhZU0rYWIyN3NtNEU5TGhxdlpnMkQ3VWpnM2dGY0QzNDdiOWk0U2dtOHJrVjVhK3U5bDF6U1N6Z0djRkxWUCt6am4zU3YvOE9sRHpkZEhtQ3R4V0t4OHZERUtaY1VFZjhaS1VrZCtrd3U5VVRmcW4xQ2l6WHdRV1pDOUI0RnJSN29ScVl5bFR0K3VReFBVQU5WalpzZWxlSlI0bTc0VHp4MFNYZnR2UlFlZ28yaS9ZWUhUZEZwbzl6TVJ2MWxEaEdpN2VOYnBkUjl2N0hEWk9EVDVPZnM3bHV1RS9uYWo5UE9jVHpWbDVReVFKVUdDeDBlUDFtM2FibnJ3M2w4cmJWRjNOTnQ4WDNjWHd0RmJCMjV4Snl0WVZTR2cvTEZ1TUxmUEtRbUVyUFB0RUh1UHc5M01iUlJ6T29zdS9sMXpQZ0ptNzNCVXZPU2QyNmJHVGxSQlNpNnBSdHM0TEFDOEZQV044NXkzWFhVbENjVnh5NTliQnBid1duNElGS3BpRmc4b0RVK2E4aFFwM05hZSs0MUV3ZlBVbVBUaGFua2pDR3Jkdis0OTdMSjFVMlNqd0VkbkNXb3pybmxXRDRQQzgrc3VBakExTGhUejNZWXFRSFE0N1IvdUU5RG5lZThpSU1jOTFGZFpZVFI2NDlsNlE2MGtYUmRxaVJKUjZ3ZFNrOXhGUkY5ZmdKNzVHQ2tNVHoyai9KVU5oclZBVnNod3RTUUtROEQrRFpNMGorMDd4MlFoWVBsbW5yek04RXp6SDBvZVpVbzZaN2NMK2dGQmpSQkRTMzB4TE1rbG1VUXJucXBzUXhEc0M0aUVnK1hSRVJ6VWl0ODQxYnNHLzlTdlRFRVRoVUwveXBlV2QzSU50cDhxaWpQTlJuYmFhKy9RSlVSR2pGUThFKy9QZno4TUNYc2FLWnFKMWFRUGNpWGI2SE1pVTByQ3VOb21hbXNvL3dIcnBaVStlVDRTbmxDc0tzM0RmTGhZRE9mUWtyQ1FnQSswWHJVR3BMUkpKSytCdWdrMnhsUHhGQWVlczUyYjEzbVJjZ1FXSnJaY0dURUhKK3QwRU5MbVRLb1hYZkxRTnR2dDJmd2xsbCtieDdYaXFFQW5iQ0xzdnR0YlFNWml6aDlRQk9zVWlVOEZtZnE0ZTJwaWhwaHErVkdmaEUrMyt3WWQvT1pMSm9GNVJlbVZ4UWNkL1RpTFk4eVFFN3ozSStUeFNjSVJ1aklPb1dzZXc9PSIsImNvbnRlbnQiOiJbY29udGFjdC1maWVsZCBsYWJlbD0nTmFhbScgdHlwZT0nbmFtZScgcmVxdWlyZWQ9JzEnL11bY29udGFjdC1maWVsZCBsYWJlbD0nRS1tYWlsYWRyZXMnIHR5cGU9J2VtYWlsJyByZXF1aXJlZD0nMScvXVtjb250YWN0LWZpZWxkIGxhYmVsPSdXYWFyIGtlbiBpayB1IHZhbiAuLi4nIHR5cGU9J3RleHQnL11bY29udGFjdC1maWVsZCBsYWJlbD0nUmVhY3RpZScgdHlwZT0ndGV4dGFyZWEnIHJlcXVpcmVkPScxJy9dIiwiaGFzaCI6IjZlMTFiMDM1ZmNhZTY4MjM1MDZjYTVjNTBhNDgxYTI4ZjQ4ZTk4ZTEiLCJzb3VyY2UiOnsiZW50cnlfdGl0bGUiOiJPdmVyIG9ucyBcdTIwMjYiLCJlbnRyeV9wYWdlIjoxLCJzb3VyY2VfaWQiOjQyOCwic291cmNlX3R5cGUiOiJzaW5nbGUiLCJyZXF1ZXN0X3VybCI6Imh0dHA6Ly9mb3RvZ3JhZmllLmxpbnRlbmJyaW5rLm5sIn0sInZlcnNpb24iOjIsImNpcGhlciI6ImFlcy0yNTYtZ2NtIn0.B5Zrunb5RP-ZQGDdWuGlyRQLixZtZY559bjVEnwbdJY' \/>\n\n<div style=\"\"  data-wp-interactive=\"jetpack\/form\" data-wp-context='{\"fieldId\":\"g428-naam\",\"fieldType\":\"name\",\"fieldLabel\":\"Naam\",\"fieldValue\":\"\",\"fieldPlaceholder\":\"\",\"fieldIsRequired\":\"1\",\"fieldErrorMessage\":\"\",\"fieldExtra\":[],\"formHash\":\"6e11b035fcae6823506ca5c50a481a28f48e98e1\"}'  class='grunion-field-name-wrap grunion-field-wrap'  data-wp-init='callbacks.initializeField' data-wp-on--jetpack-form-reset='callbacks.initializeField' >\n<label\n\t\t\t\tfor='g428-naam' class=\"grunion-field-label name\" >Naam<span class=\"grunion-label-required\" aria-hidden=\"true\">(vereist)<\/span><\/label>\n<input\n\t\t\t\t\ttype='text'\n\t\t\t\t\tname='g428-naam'\n\t\t\t\t\tid='g428-naam'\n\t\t\t\t\tvalue=''\n\n\t\t\t\t\tdata-wp-bind--aria-invalid='state.fieldAriaInvalid'\n\t\t\t\t\tdata-wp-bind--value='state.getFieldValue'\n\t\t\t\t\taria-describedby='g428-naam-text-error-message'\n\t\t\t\t\tdata-wp-on--input='actions.onFieldChange'\n\t\t\t\t\tdata-wp-on--blur='actions.onFieldBlur'\n\t\t\t\t\tdata-wp-class--has-value='state.hasFieldValue'\n\n\t\t\t\t\tclass='name  grunion-field' \n\t\t\t\t\trequired='true' aria-required='true'  \/>\n \n\t\t\t<div id=\"g428-naam-text-error\" class=\"contact-form__input-error\" data-wp-class--has-errors=\"state.fieldHasErrors\">\n\t\t\t\t<span class=\"contact-form__warning-icon\" aria-hidden=\"true\">\n\t\t\t\t\t<svg width=\"16\" height=\"16\" viewBox=\"0 0 16 16\" fill=\"none\" xmlns=\"http:\/\/www.w3.org\/2000\/svg\">\n\t\t\t\t\t\t<path d=\"M8.50015 11.6402H7.50015V10.6402H8.50015V11.6402Z\" \/>\n\t\t\t\t\t\t<path d=\"M7.50015 9.64018H8.50015V6.30684H7.50015V9.64018Z\" \/>\n\t\t\t\t\t\t<path fill-rule=\"evenodd\" clip-rule=\"evenodd\" d=\"M6.98331 3.0947C7.42933 2.30177 8.57096 2.30177 9.01698 3.09469L13.8771 11.7349C14.3145 12.5126 13.7525 13.4735 12.8602 13.4735H3.14004C2.24774 13.4735 1.68575 12.5126 2.12321 11.7349L6.98331 3.0947ZM8.14541 3.58496C8.08169 3.47168 7.9186 3.47168 7.85488 3.58496L2.99478 12.2251C2.93229 12.3362 3.01257 12.4735 3.14004 12.4735H12.8602C12.9877 12.4735 13.068 12.3362 13.0055 12.2251L8.14541 3.58496Z\" \/>\n\t\t\t\t\t<\/svg>\n\t\t\t\t<\/span>\n\t\t\t\t<span data-wp-text=\"state.errorMessage\" id=\"g428-naam-text-error-message\"><\/span>\n\t\t\t<\/div> \n\t<\/div>\n\n<div style=\"\"  data-wp-interactive=\"jetpack\/form\" data-wp-context='{\"fieldId\":\"g428-emailadres\",\"fieldType\":\"email\",\"fieldLabel\":\"E-mailadres\",\"fieldValue\":\"\",\"fieldPlaceholder\":\"\",\"fieldIsRequired\":\"1\",\"fieldErrorMessage\":\"\",\"fieldExtra\":[],\"formHash\":\"6e11b035fcae6823506ca5c50a481a28f48e98e1\"}'  class='grunion-field-email-wrap grunion-field-wrap'  data-wp-init='callbacks.initializeField' data-wp-on--jetpack-form-reset='callbacks.initializeField' >\n<label\n\t\t\t\tfor='g428-emailadres' class=\"grunion-field-label email\" >E-mailadres<span class=\"grunion-label-required\" aria-hidden=\"true\">(vereist)<\/span><\/label>\n<input\n\t\t\t\t\ttype='email'\n\t\t\t\t\tname='g428-emailadres'\n\t\t\t\t\tid='g428-emailadres'\n\t\t\t\t\tvalue=''\n\n\t\t\t\t\tdata-wp-bind--aria-invalid='state.fieldAriaInvalid'\n\t\t\t\t\tdata-wp-bind--value='state.getFieldValue'\n\t\t\t\t\taria-describedby='g428-emailadres-email-error-message'\n\t\t\t\t\tdata-wp-on--input='actions.onFieldChange'\n\t\t\t\t\tdata-wp-on--blur='actions.onFieldBlur'\n\t\t\t\t\tdata-wp-class--has-value='state.hasFieldValue'\n\n\t\t\t\t\tclass='email  grunion-field' \n\t\t\t\t\trequired='true' aria-required='true'  \/>\n \n\t\t\t<div id=\"g428-emailadres-email-error\" class=\"contact-form__input-error\" data-wp-class--has-errors=\"state.fieldHasErrors\">\n\t\t\t\t<span class=\"contact-form__warning-icon\" aria-hidden=\"true\">\n\t\t\t\t\t<svg width=\"16\" height=\"16\" viewBox=\"0 0 16 16\" fill=\"none\" xmlns=\"http:\/\/www.w3.org\/2000\/svg\">\n\t\t\t\t\t\t<path d=\"M8.50015 11.6402H7.50015V10.6402H8.50015V11.6402Z\" \/>\n\t\t\t\t\t\t<path d=\"M7.50015 9.64018H8.50015V6.30684H7.50015V9.64018Z\" \/>\n\t\t\t\t\t\t<path fill-rule=\"evenodd\" clip-rule=\"evenodd\" d=\"M6.98331 3.0947C7.42933 2.30177 8.57096 2.30177 9.01698 3.09469L13.8771 11.7349C14.3145 12.5126 13.7525 13.4735 12.8602 13.4735H3.14004C2.24774 13.4735 1.68575 12.5126 2.12321 11.7349L6.98331 3.0947ZM8.14541 3.58496C8.08169 3.47168 7.9186 3.47168 7.85488 3.58496L2.99478 12.2251C2.93229 12.3362 3.01257 12.4735 3.14004 12.4735H12.8602C12.9877 12.4735 13.068 12.3362 13.0055 12.2251L8.14541 3.58496Z\" \/>\n\t\t\t\t\t<\/svg>\n\t\t\t\t<\/span>\n\t\t\t\t<span data-wp-text=\"state.errorMessage\" id=\"g428-emailadres-email-error-message\"><\/span>\n\t\t\t<\/div> \n\t<\/div>\n\n<div style=\"\"  data-wp-interactive=\"jetpack\/form\" data-wp-context='{\"fieldId\":\"g428-waarkenikuvan\",\"fieldType\":\"text\",\"fieldLabel\":\"Waar ken ik u van ...\",\"fieldValue\":\"\",\"fieldPlaceholder\":\"\",\"fieldIsRequired\":\"\",\"fieldErrorMessage\":\"\",\"fieldExtra\":[],\"formHash\":\"6e11b035fcae6823506ca5c50a481a28f48e98e1\"}'  class='grunion-field-text-wrap grunion-field-wrap'  data-wp-init='callbacks.initializeField' data-wp-on--jetpack-form-reset='callbacks.initializeField' >\n<label\n\t\t\t\tfor='g428-waarkenikuvan' class=\"grunion-field-label text\" >Waar ken ik u van ...<\/label>\n<input\n\t\t\t\t\ttype='text'\n\t\t\t\t\tname='g428-waarkenikuvan'\n\t\t\t\t\tid='g428-waarkenikuvan'\n\t\t\t\t\tvalue=''\n\n\t\t\t\t\tdata-wp-bind--aria-invalid='state.fieldAriaInvalid'\n\t\t\t\t\tdata-wp-bind--value='state.getFieldValue'\n\t\t\t\t\taria-describedby='g428-waarkenikuvan-text-error-message'\n\t\t\t\t\tdata-wp-on--input='actions.onFieldChange'\n\t\t\t\t\tdata-wp-on--blur='actions.onFieldBlur'\n\t\t\t\t\tdata-wp-class--has-value='state.hasFieldValue'\n\n\t\t\t\t\tclass='text  grunion-field' \n\t\t\t\t\t \/>\n \n\t\t\t<div id=\"g428-waarkenikuvan-text-error\" class=\"contact-form__input-error\" data-wp-class--has-errors=\"state.fieldHasErrors\">\n\t\t\t\t<span class=\"contact-form__warning-icon\" aria-hidden=\"true\">\n\t\t\t\t\t<svg width=\"16\" height=\"16\" viewBox=\"0 0 16 16\" fill=\"none\" xmlns=\"http:\/\/www.w3.org\/2000\/svg\">\n\t\t\t\t\t\t<path d=\"M8.50015 11.6402H7.50015V10.6402H8.50015V11.6402Z\" \/>\n\t\t\t\t\t\t<path d=\"M7.50015 9.64018H8.50015V6.30684H7.50015V9.64018Z\" \/>\n\t\t\t\t\t\t<path fill-rule=\"evenodd\" clip-rule=\"evenodd\" d=\"M6.98331 3.0947C7.42933 2.30177 8.57096 2.30177 9.01698 3.09469L13.8771 11.7349C14.3145 12.5126 13.7525 13.4735 12.8602 13.4735H3.14004C2.24774 13.4735 1.68575 12.5126 2.12321 11.7349L6.98331 3.0947ZM8.14541 3.58496C8.08169 3.47168 7.9186 3.47168 7.85488 3.58496L2.99478 12.2251C2.93229 12.3362 3.01257 12.4735 3.14004 12.4735H12.8602C12.9877 12.4735 13.068 12.3362 13.0055 12.2251L8.14541 3.58496Z\" \/>\n\t\t\t\t\t<\/svg>\n\t\t\t\t<\/span>\n\t\t\t\t<span data-wp-text=\"state.errorMessage\" id=\"g428-waarkenikuvan-text-error-message\"><\/span>\n\t\t\t<\/div> \n\t<\/div>\n\n<div style=\"\"  data-wp-interactive=\"jetpack\/form\" data-wp-context='{\"fieldId\":\"g428-reactie\",\"fieldType\":\"textarea\",\"fieldLabel\":\"Reactie\",\"fieldValue\":\"\",\"fieldPlaceholder\":\"\",\"fieldIsRequired\":\"1\",\"fieldErrorMessage\":\"\",\"fieldExtra\":[],\"formHash\":\"6e11b035fcae6823506ca5c50a481a28f48e98e1\"}'  class='grunion-field-textarea-wrap grunion-field-wrap'  data-wp-init='callbacks.initializeField' data-wp-on--jetpack-form-reset='callbacks.initializeField' >\n<label\n\t\t\t\tfor='contact-form-comment-g428-reactie' class=\"grunion-field-label textarea\" >Reactie<span class=\"grunion-label-required\" aria-hidden=\"true\">(vereist)<\/span><\/label>\n<textarea\n\t\t                style=''\n\t\t                name='g428-reactie'\n\t\t                id='contact-form-comment-g428-reactie'\n\t\t                rows='20'\n\t\t\t\t\t\tdata-wp-text='state.getFieldValue'\n\t\t\t\t\t\tdata-wp-on--input='actions.onFieldChange'\n\t\t\t\t\t\tdata-wp-on--blur='actions.onFieldBlur'\n\t\t\t\t\t\tdata-wp-class--has-value='state.hasFieldValue'\n\t\t\t\t\t\taria-describedby='g428-reactie-textarea-error-message'\n\t\t\t\t\t\tdata-wp-bind--aria-invalid='state.fieldAriaInvalid'\n\t\t\t\t\t\tclass='textarea  grunion-field'  required aria-required='true'><\/textarea>\n \n\t\t\t<div id=\"g428-reactie-textarea-error\" class=\"contact-form__input-error\" data-wp-class--has-errors=\"state.fieldHasErrors\">\n\t\t\t\t<span class=\"contact-form__warning-icon\" aria-hidden=\"true\">\n\t\t\t\t\t<svg width=\"16\" height=\"16\" viewBox=\"0 0 16 16\" fill=\"none\" xmlns=\"http:\/\/www.w3.org\/2000\/svg\">\n\t\t\t\t\t\t<path d=\"M8.50015 11.6402H7.50015V10.6402H8.50015V11.6402Z\" \/>\n\t\t\t\t\t\t<path d=\"M7.50015 9.64018H8.50015V6.30684H7.50015V9.64018Z\" \/>\n\t\t\t\t\t\t<path fill-rule=\"evenodd\" clip-rule=\"evenodd\" d=\"M6.98331 3.0947C7.42933 2.30177 8.57096 2.30177 9.01698 3.09469L13.8771 11.7349C14.3145 12.5126 13.7525 13.4735 12.8602 13.4735H3.14004C2.24774 13.4735 1.68575 12.5126 2.12321 11.7349L6.98331 3.0947ZM8.14541 3.58496C8.08169 3.47168 7.9186 3.47168 7.85488 3.58496L2.99478 12.2251C2.93229 12.3362 3.01257 12.4735 3.14004 12.4735H12.8602C12.9877 12.4735 13.068 12.3362 13.0055 12.2251L8.14541 3.58496Z\" \/>\n\t\t\t\t\t<\/svg>\n\t\t\t\t<\/span>\n\t\t\t\t<span data-wp-text=\"state.errorMessage\" id=\"g428-reactie-textarea-error-message\"><\/span>\n\t\t\t<\/div>\n\t<\/div>\n\t<p class='contact-submit'>\n<div class=\"contact-form__error\" data-wp-class--show-errors=\"state.showFormErrors\"><span class=\"contact-form__warning-icon\" aria-hidden=\"true\"><i><\/i><\/span><span class=\"contact-form__error-message\" tabindex=\"-1\" data-wp-watch=\"callbacks.focusOnValidationError\" data-wp-text=\"state.getFormErrorMessage\"><\/span><ul aria-label=\"Formulierfouten\">\n\t\t\t\t<template data-wp-each=\"state.getErrorList\" data-wp-key=\"context.item.id\">\n\t\t\t\t\t<li><a data-wp-bind--href=\"context.item.anchor\" data-wp-on--click=\"actions.scrollIntoView\" data-wp-text=\"context.item.label\"><\/a><\/li>\n\t\t\t\t<\/template>\n\t\t\t\t<\/ul><\/div><div class=\"contact-form__error\" data-wp-class--show-errors=\"state.showSubmissionError\" data-wp-text=\"context.submissionError\" tabindex=\"-1\" data-wp-watch=\"callbacks.focusOnSubmissionError\"><\/div>\t\t<button type='submit' class='pushbutton-wide'>Verzenden<\/button>\t\t<input type='hidden' name='contact-form-id' value='428' \/>\n\t\t<input type='hidden' name='action' value='grunion-contact-form' \/>\n\t\t<input type='hidden' name='contact-form-hash' value='6e11b035fcae6823506ca5c50a481a28f48e98e1' \/>\n\t<\/p>\n<p style=\"display: none !important;\" class=\"akismet-fields-container\" data-prefix=\"ak_\"><label>&#916;<textarea name=\"ak_hp_textarea\" cols=\"45\" rows=\"8\" maxlength=\"100\"><\/textarea><\/label><input type=\"hidden\" id=\"ak_js_1\" name=\"ak_js\" value=\"83\"\/><script>document.getElementById( \"ak_js_1\" ).setAttribute( \"value\", ( new Date() ).getTime() );<\/script><\/p><\/form>\n<\/div>\n<p style=\"text-align: center;\"><img loading=\"lazy\" decoding=\"async\" class=\"aligncenter size-full wp-image-433\" src=\"http:\/\/fotografie.lintenbrink.nl\/wp-content\/uploads\/2017\/05\/noorwegen1984_2-e1496161373345.jpg\" alt=\"\" width=\"2048\" height=\"916\" \/><\/p>\n","protected":false},"excerpt":{"rendered":"<p>In de loop der jaren hebben wij mooie reizen gemaakt naar alle Scandinavische landen, maar ook dichterbij waren er prachtige tochten. Schiermonnikoog bijvoorbeeld, daar komen we nog steeds met regelmaat en krijg je ons ook niet meer weg. Even onthaasten &#8230; op naar Schiermonnikoog. Van al die reizen hebben wij foto&#8217;s gemaakt en een deel daarvan willen we via dit&hellip;<\/p>\n","protected":false},"author":1,"featured_media":433,"parent":0,"menu_order":0,"comment_status":"closed","ping_status":"closed","template":"","meta":{"ngg_post_thumbnail":0,"footnotes":""},"class_list":["post-428","page","type-page","status-publish","has-post-thumbnail","hentry"],"jetpack_likes_enabled":true,"jetpack_sharing_enabled":true,"_links":{"self":[{"href":"http:\/\/fotografie.lintenbrink.nl\/index.php?rest_route=\/wp\/v2\/pages\/428","targetHints":{"allow":["GET"]}}],"collection":[{"href":"http:\/\/fotografie.lintenbrink.nl\/index.php?rest_route=\/wp\/v2\/pages"}],"about":[{"href":"http:\/\/fotografie.lintenbrink.nl\/index.php?rest_route=\/wp\/v2\/types\/page"}],"author":[{"embeddable":true,"href":"http:\/\/fotografie.lintenbrink.nl\/index.php?rest_route=\/wp\/v2\/users\/1"}],"replies":[{"embeddable":true,"href":"http:\/\/fotografie.lintenbrink.nl\/index.php?rest_route=%2Fwp%2Fv2%2Fcomments&post=428"}],"version-history":[{"count":7,"href":"http:\/\/fotografie.lintenbrink.nl\/index.php?rest_route=\/wp\/v2\/pages\/428\/revisions"}],"predecessor-version":[{"id":440,"href":"http:\/\/fotografie.lintenbrink.nl\/index.php?rest_route=\/wp\/v2\/pages\/428\/revisions\/440"}],"wp:featuredmedia":[{"embeddable":true,"href":"http:\/\/fotografie.lintenbrink.nl\/index.php?rest_route=\/wp\/v2\/media\/433"}],"wp:attachment":[{"href":"http:\/\/fotografie.lintenbrink.nl\/index.php?rest_route=%2Fwp%2Fv2%2Fmedia&parent=428"}],"curies":[{"name":"wp","href":"https:\/\/api.w.org\/{rel}","templated":true}]}}