{"id":707,"date":"2017-10-13T13:46:27","date_gmt":"2017-10-13T13:46:27","guid":{"rendered":"http:\/\/fotografie.lintenbrink.nl\/?page_id=707"},"modified":"2019-09-18T14:52:32","modified_gmt":"2019-09-18T14:52:32","slug":"foto-albums","status":"publish","type":"page","link":"http:\/\/fotografie.lintenbrink.nl\/?page_id=707","title":{"rendered":"Foto albums &#8230;"},"content":{"rendered":"<p align=\"left\">Van een aantal reizen hebben we ook een online fotoalbum.<br \/>\nJe kunt onder de menu optie FOTO ALBUMS &#8230; een keuze maken uit \u00e9\u00e9n van de albums, maar je kunt ook een album openen door op \u00e9\u00e9n van de regels hieronder te klikken. In dat geval zal het album openen in een nieuw browserscherm.<\/p>\n<p>&nbsp;<\/p>\n<p align=\"left\"><a href=\"https:\/\/myalbum.com\/album\/OdtT8qOFcKAZ\" target=\"_blank\" rel=\"noopener noreferrer\">2017 Australi\u00eb | Camper rondreis en bezoek Mats en Regina<\/a><\/p>\n<p align=\"left\"><a href=\"https:\/\/myalbum.com\/album\/YMH8ydvmSrMa\" target=\"_blank\" rel=\"noopener noreferrer\">2016 Via de Weerribben naar het Zuiden<\/a><\/p>\n<p align=\"left\"><a href=\"http:\/\/fotografie.lintenbrink.nl\/?page_id=770\" target=\"_blank\" rel=\"noopener noreferrer\">2015 Noord Nederland en Borkum<\/a><\/p>\n<p align=\"left\"><a href=\"http:\/\/fotografie.lintenbrink.nl\/?page_id=772\" target=\"_blank\" rel=\"noopener noreferrer\">2014 Zuiderzee fietstocht Nederland<\/a><\/p>\n<p align=\"left\"><a href=\"http:\/\/fotografie.lintenbrink.nl\/?page_id=774\" target=\"_blank\" rel=\"noopener noreferrer\">2013 Fietstocht Denemarken<\/a><\/p>\n<p align=\"left\"><a href=\"http:\/\/fotografie.lintenbrink.nl\/?page_id=776\" target=\"_blank\" rel=\"noopener noreferrer\">2012 Rondje Waddeneilanden<\/a><\/p>\n<p align=\"left\"><a href=\"http:\/\/fotografie.lintenbrink.nl\/?page_id=778\" target=\"_blank\" rel=\"noopener noreferrer\">2011 Zwitserse Alpen<\/a><\/p>\n<p align=\"left\"><a href=\"http:\/\/fotografie.lintenbrink.nl\/?page_id=780\" target=\"_blank\" rel=\"noopener noreferrer\">2009 Heemtuin Lochem<\/a><\/p>\n<p>&nbsp;<\/p>\n","protected":false},"excerpt":{"rendered":"<p>Van een aantal reizen hebben we ook een online fotoalbum. Je kunt onder de menu optie FOTO ALBUMS &#8230; een keuze maken uit \u00e9\u00e9n van de albums, maar je kunt ook een album openen door op \u00e9\u00e9n van de regels hieronder te klikken. In dat geval zal het album openen in een nieuw browserscherm. &nbsp; 2017 Australi\u00eb | Camper rondreis&hellip;<\/p>\n","protected":false},"author":1,"featured_media":0,"parent":0,"menu_order":0,"comment_status":"closed","ping_status":"closed","template":"","meta":{"ngg_post_thumbnail":0,"footnotes":""},"class_list":["post-707","page","type-page","status-publish","hentry"],"jetpack_likes_enabled":true,"jetpack_sharing_enabled":true,"_links":{"self":[{"href":"http:\/\/fotografie.lintenbrink.nl\/index.php?rest_route=\/wp\/v2\/pages\/707","targetHints":{"allow":["GET"]}}],"collection":[{"href":"http:\/\/fotografie.lintenbrink.nl\/index.php?rest_route=\/wp\/v2\/pages"}],"about":[{"href":"http:\/\/fotografie.lintenbrink.nl\/index.php?rest_route=\/wp\/v2\/types\/page"}],"author":[{"embeddable":true,"href":"http:\/\/fotografie.lintenbrink.nl\/index.php?rest_route=\/wp\/v2\/users\/1"}],"replies":[{"embeddable":true,"href":"http:\/\/fotografie.lintenbrink.nl\/index.php?rest_route=%2Fwp%2Fv2%2Fcomments&post=707"}],"version-history":[{"count":26,"href":"http:\/\/fotografie.lintenbrink.nl\/index.php?rest_route=\/wp\/v2\/pages\/707\/revisions"}],"predecessor-version":[{"id":1993,"href":"http:\/\/fotografie.lintenbrink.nl\/index.php?rest_route=\/wp\/v2\/pages\/707\/revisions\/1993"}],"wp:attachment":[{"href":"http:\/\/fotografie.lintenbrink.nl\/index.php?rest_route=%2Fwp%2Fv2%2Fmedia&parent=707"}],"curies":[{"name":"wp","href":"https:\/\/api.w.org\/{rel}","templated":true}]}}